{"id":722,"date":"2024-02-13T12:24:40","date_gmt":"2024-02-13T12:24:40","guid":{"rendered":"https:\/\/pincato.com\/?post_type=product&#038;p=722"},"modified":"2025-01-30T17:46:09","modified_gmt":"2025-01-30T17:46:09","slug":"mampara-frontal-turin","status":"publish","type":"product","link":"https:\/\/pruebas.pincato.com\/staging\/producto\/mampara-frontal-turin\/","title":{"rendered":"Mampara de ba\u00f1o frontal Tur\u00edn"},"content":{"rendered":"<p>Mampara frontal corredera. Dos hojas fijas y dos correderas.<\/p>\n<p>Gu\u00eda superior reforzada de alta secci\u00f3n.<\/p>\n<p>Rodamiento superior: Bloque de acero inoxidable con doble t\u00e1ndem industrial de acero inoxidable y regulaci\u00f3n en altura de 1 cm (<em>rodamientos garant\u00eda de por vida<\/em>)<\/p>\n","protected":false},"excerpt":{"rendered":"<p>Mampara frontal corredera. Dos hojas fijas y dos correderas.<\/p>\n<p>Gu\u00eda superior reforzada de alta secci\u00f3n<\/p>\n<p>Rodamiento superior: Bloque de acero inoxidable con doble t\u00e1ndem industrial de acero inoxidable y regulaci\u00f3n en altura de 1 cm (<em>rodamientos garant\u00eda de por vida<\/em>)<\/p>\n","protected":false},"featured_media":723,"template":"","meta":[],"product_brand":[],"product_cat":[31],"product_tag":[],"class_list":{"0":"post-722","1":"product","2":"type-product","3":"status-publish","4":"has-post-thumbnail","6":"product_cat-mamparas-de-bano","8":"first","9":"instock","10":"featured","11":"taxable","12":"shipping-taxable","13":"purchasable","14":"product-type-simple"},"_links":{"self":[{"href":"https:\/\/pruebas.pincato.com\/staging\/wp-json\/wp\/v2\/product\/722","targetHints":{"allow":["GET"]}}],"collection":[{"href":"https:\/\/pruebas.pincato.com\/staging\/wp-json\/wp\/v2\/product"}],"about":[{"href":"https:\/\/pruebas.pincato.com\/staging\/wp-json\/wp\/v2\/types\/product"}],"wp:featuredmedia":[{"embeddable":true,"href":"https:\/\/pruebas.pincato.com\/staging\/wp-json\/wp\/v2\/media\/723"}],"wp:attachment":[{"href":"https:\/\/pruebas.pincato.com\/staging\/wp-json\/wp\/v2\/media?parent=722"}],"wp:term":[{"taxonomy":"product_brand","embeddable":true,"href":"https:\/\/pruebas.pincato.com\/staging\/wp-json\/wp\/v2\/product_brand?post=722"},{"taxonomy":"product_cat","embeddable":true,"href":"https:\/\/pruebas.pincato.com\/staging\/wp-json\/wp\/v2\/product_cat?post=722"},{"taxonomy":"product_tag","embeddable":true,"href":"https:\/\/pruebas.pincato.com\/staging\/wp-json\/wp\/v2\/product_tag?post=722"}],"curies":[{"name":"wp","href":"https:\/\/api.w.org\/{rel}","templated":true}]}}